{"id":121,"date":"2024-11-14T10:46:24","date_gmt":"2024-11-14T09:46:24","guid":{"rendered":"https:\/\/www.zeppe-arts.com\/?page_id=121"},"modified":"2024-11-14T11:18:17","modified_gmt":"2024-11-14T10:18:17","slug":"my-world","status":"publish","type":"page","link":"https:\/\/www.zeppe-arts.com\/index.php\/my-world\/","title":{"rendered":"my world"},"content":{"rendered":"\n<hr class=\"wp-block-separator has-text-color has-background-color has-alpha-channel-opacity has-background-background-color has-background\" style=\"margin-top:var(--wp--preset--spacing--50);margin-bottom:var(--wp--preset--spacing--50)\"\/>\n\n\n\n<p>Zwischen Steampunk-\u00c4sthetik und industrieller Upcycling-Kunst.<\/p>\n\n\n\n<p>In der Kunstwelt gibt es viele Formen der Inspiration. Die Sch\u00f6nheit zeitgen\u00f6ssischer Formen des \u00c4sthetischen Ausdrucks liegt in der Vielseitigkeit des K\u00fcnstlers, in der Art und Weise, wie er dem Publikum eine unendliche Bandbreite an Elementen bietet, die immer wieder verschmelzen und sich verwandeln um schlie\u00dflich zu erstaunlichen Kunstwerken zusammenlaufen.<\/p>\n\n\n\n<p>Als junger, aufstrebender K\u00fcnstler war Adrian Velea (alias Zeppe) zutiefst fasziniert von Kunstexperimenten und gab seinen Ausdrucksformen andere Bedeutung, die die r\u00e4umlichen Grenzen der konventionellen Zeichnung \u00fcberschreiten und zu Formen f\u00fchlbarer Kunst werden.<\/p>\n\n\n\n<p>Diese Neugier an systematischer Mechanik, und die Gabe, die Welt auf verschiedene Arten zu sehen wird sich in sp\u00e4teren Jahren in ein wachsendes Interesse an dem zeigen, was wir heute als Steampunk-Kunst oder DieselPunk-Kunst kennen, ein Subgenre der Science-Fiction, das retrofuturistische Technologie und \u00c4sthetik einbezieht.<\/p>\n\n\n\n<p>W\u00e4hrend er viele Jahre als Tattoo-K\u00fcnstler arbeitete, besuchte er die Kunstschule, wo er zwei Jahre Kunst studierte, sp\u00e4ter jedoch erkannte er, dass konventionelle akademische Zw\u00e4nge seinen k\u00fcnstlerischen Bestreben nicht gerecht werden:<\/p>\n\n\n\n<p>\u201eEs gibt viele wunderbare K\u00fcnstler und Kunstwerke da drau\u00dfen. Schon in jungen Jahren verbrachte ich viel Zeit damit, die erstaunlichen Werke von K\u00fcnstlern wie Salvador Dali und H. R. Giger zu bewundern. Sp\u00e4ter entdeckte ich die Anziehungskraft der Farbe und mein Interesse galt der Welt der Grafik mit den vielseitigeren Ausdrucksm\u00f6glichkeiten durch Farbtechnik.\u201c<\/p>\n\n\n\n<p>Als K\u00fcnstler teilt er seine Zeit zwischen dem Tattoo Studio und dem Kunstatelier auf, wo die Malerei und Skulpturen im Mittelpunkt stehen, zwei Medien die ihm das Gef\u00fchl von Ungebundenheit und Freiheit geben.<\/p>\n\n\n\n<hr class=\"wp-block-separator has-text-color has-background-color has-alpha-channel-opacity has-background-background-color has-background\" style=\"margin-top:var(--wp--preset--spacing--80);margin-bottom:var(--wp--preset--spacing--80)\"\/>\n\n\n\n<h5 class=\"wp-block-heading\">Medien und Inspirationsquellen<\/h5>\n\n\n\n<p>\u201eAlle meine Arbeiten bestehen haupts\u00e4chlich aus Materialien wie Metall, Holz und Gips, gleichzeitig versuche ich mich auch am Upcycling, auch bekannt als kreative Wiederverwendung vorhandener Materialien, bei der sie in einen Prozess der Umwandlung von Nebenprodukten, Abfallmaterialien, nutzlosen oder unerw\u00fcnschten Produkten in neue Materialien oder Produkte verwandelt werden, die als qualitativ hochwertiger wahrgenommen werden, beispielsweise aufgrund ihres k\u00fcnstlerischen Werts.<\/p>\n\n\n\n<p>Die f\u00fcr meine Skulpturen verwendeten Rohstoffe stammen aus Secondhand-L\u00e4den, Antiquit\u00e4tenm\u00e4rkten, M\u00fcll, Flohm\u00e4rkten und Spenden verschiedener Personen. F\u00fcr einige St\u00fccke werden alte Filmprojektoren, Uhrengeh\u00e4use, verschiedene mechanische Objekte, Radiogeh\u00e4use, Rasenm\u00e4her, Fragmente alter Radios und Schreibmaschinen wiederverwendet.\u201c<\/p>\n\n\n\n<hr class=\"wp-block-separator has-text-color has-background-color has-alpha-channel-opacity has-background-background-color has-background\" style=\"margin-top:var(--wp--preset--spacing--80);margin-bottom:var(--wp--preset--spacing--80)\"\/>\n\n\n\n<h5 class=\"wp-block-heading\">Kurzbiografie<\/h5>\n\n\n\n<p>1981 \u2013 Geboren in Slatina (Rum\u00e4nien)<\/p>\n\n\n\n<p>1990 \u2013 schon mit 9 Jahren begann er sich f\u00fcr das zeichnen zu interessieren, wobei er sich mit Begeisterung Tierformen widmete, die sein ganzes Leben lang sein Hauptthema bleiben sollten.<\/p>\n\n\n\n<p>2002 \u2013 Abschluss seiner privaten Ausbildung als Tattoo-Artist in Deutschland.<\/p>\n\n\n\n<p>2002 \u2013 2004 Tattoo-Artist in Slatina, Craiova und Timisoara (Rum\u00e4nien)<\/p>\n\n\n\n<p>2004 \u2013 2006 Kunststudium an der Kunstakademie in Timisoara (Rum\u00e4mnien)<\/p>\n\n\n\n<p>2005 \u2013 2014 Er\u00f6ffnung seines eigenen Tattoo Studios in Timisoara (Rum\u00e4nien)<\/p>\n\n\n\n<p>2009 \u2013 2014 Mehrfache Auszeichnungen bei den National Tattoo Conventions<\/p>\n\n\n\n<p>2015 \u2013 heute Niederlassung in N\u00fcrtingen (Deutschland), wo er sein eigenes Tattoo Studio und Kunstatelier er\u00f6ffnete, in dem er seiner Leidenschaft f\u00fcr Steampunk-Konzeptkunst nachgeht<\/p>\n\n\n\n<p>2018 \u2013 2023 Neben seiner \u00fcblichen Arbeit dekorierte er mit Steampunk-inspirierter Kunst: RememBer Bar in Kirchheim unter Teck, Maddogs Tattoo Studio in Karlsruhe, W8 Irish Bar in Ulm, Motorrad Clubhaus in Kirchheim unter Teck, Motorrad Clubhaus in Bukarest (Rum\u00e4nien). <\/p>\n\n\n\n<p>2024 \u2013 erste Gruppenausstellung in Neuffen.<\/p>\n","protected":false},"excerpt":{"rendered":"<p>Zwischen Steampunk-\u00c4sthetik und industrieller Upcycling-Kunst. In der Kunstwelt gibt es viele Formen der Inspiration. Die Sch\u00f6nheit zeitgen\u00f6ssischer Formen des \u00c4sthetischen Ausdrucks liegt in der Vielseitigkeit des K\u00fcnstlers, in der Art und Weise, wie er dem Publikum eine unendliche Bandbreite an Elementen bietet, die immer wieder verschmelzen und sich verwandeln um schlie\u00dflich zu erstaunlichen Kunstwerken zusammenlaufen. [&hellip;]<\/p>\n","protected":false},"author":1,"featured_media":0,"parent":0,"menu_order":4,"comment_status":"closed","ping_status":"closed","template":"","meta":{"pgc_sgb_lightbox_settings":"","footnotes":""},"class_list":["post-121","page","type-page","status-publish","hentry"],"_links":{"self":[{"href":"https:\/\/www.zeppe-arts.com\/index.php\/wp-json\/wp\/v2\/pages\/121","targetHints":{"allow":["GET"]}}],"collection":[{"href":"https:\/\/www.zeppe-arts.com\/index.php\/wp-json\/wp\/v2\/pages"}],"about":[{"href":"https:\/\/www.zeppe-arts.com\/index.php\/wp-json\/wp\/v2\/types\/page"}],"author":[{"embeddable":true,"href":"https:\/\/www.zeppe-arts.com\/index.php\/wp-json\/wp\/v2\/users\/1"}],"replies":[{"embeddable":true,"href":"https:\/\/www.zeppe-arts.com\/index.php\/wp-json\/wp\/v2\/comments?post=121"}],"version-history":[{"count":3,"href":"https:\/\/www.zeppe-arts.com\/index.php\/wp-json\/wp\/v2\/pages\/121\/revisions"}],"predecessor-version":[{"id":126,"href":"https:\/\/www.zeppe-arts.com\/index.php\/wp-json\/wp\/v2\/pages\/121\/revisions\/126"}],"wp:attachment":[{"href":"https:\/\/www.zeppe-arts.com\/index.php\/wp-json\/wp\/v2\/media?parent=121"}],"curies":[{"name":"wp","href":"https:\/\/api.w.org\/{rel}","templated":true}]}}