{"id":2,"date":"2024-11-04T17:33:16","date_gmt":"2024-11-04T16:33:16","guid":{"rendered":"https:\/\/www.zeppe-arts.com\/word\/?page_id=2"},"modified":"2024-11-08T14:22:59","modified_gmt":"2024-11-08T13:22:59","slug":"welcome","status":"publish","type":"page","link":"https:\/\/www.zeppe-arts.com\/","title":{"rendered":""},"content":{"rendered":"\n<figure class=\"wp-block-image size-large\"><img loading=\"lazy\" decoding=\"async\" width=\"1024\" height=\"786\" src=\"https:\/\/www.zeppe-arts.com\/word\/wp-content\/uploads\/2024\/11\/soldier-1024x786.jpg\" alt=\"\" class=\"wp-image-23\" srcset=\"https:\/\/www.zeppe-arts.com\/wp-content\/uploads\/2024\/11\/soldier-1024x786.jpg 1024w, https:\/\/www.zeppe-arts.com\/wp-content\/uploads\/2024\/11\/soldier-300x230.jpg 300w, https:\/\/www.zeppe-arts.com\/wp-content\/uploads\/2024\/11\/soldier-768x589.jpg 768w, https:\/\/www.zeppe-arts.com\/wp-content\/uploads\/2024\/11\/soldier-1536x1179.jpg 1536w, https:\/\/www.zeppe-arts.com\/wp-content\/uploads\/2024\/11\/soldier.jpg 1600w\" sizes=\"auto, (max-width: 1024px) 100vw, 1024px\" \/><\/figure>\n\n\n\n<h1 class=\"wp-block-heading has-x-large-font-size\" style=\"margin-top:var(--wp--preset--spacing--70);margin-right:0;margin-bottom:var(--wp--preset--spacing--70);margin-left:0;padding-top:var(--wp--preset--spacing--50);padding-bottom:var(--wp--preset--spacing--50)\">Welcome<\/h1>\n\n\n\n<div class=\"wp-block-columns is-layout-flex wp-container-core-columns-is-layout-28f84493 wp-block-columns-is-layout-flex\">\n<div class=\"wp-block-column is-layout-flow wp-block-column-is-layout-flow\" style=\"flex-basis:50%\">\n<h5 class=\"wp-block-heading\">HOCHWERTIGE <br \/>KUNSTWERKE<\/h5>\n\n\n\n<p class=\"has-small-font-size\">Lassen Sie sich von der einzigartigen Kunst von Zeppe verzaubern und entdecken Sie hochwertige Gem\u00e4lde mit realistischen Motiven aus den Themenbereichen Umwelt und Krieg.<\/p>\n<\/div>\n\n\n\n<div class=\"wp-block-column is-layout-flow wp-block-column-is-layout-flow\" style=\"flex-basis:50%\">\n<h5 class=\"wp-block-heading\">UMWELTBEWUSSTE MATERIALIEN<\/h5>\n\n\n\n<p class=\"has-small-font-size\">Zeppe verwandelt weggeworfene Materialien in beeindruckende Skulpturen, die seine Botschaft von Nachhaltigkeit und Umweltschutz vermitteln.<\/p>\n<\/div>\n<\/div>\n\n\n\n<div class=\"wp-block-columns is-layout-flex wp-container-core-columns-is-layout-28f84493 wp-block-columns-is-layout-flex\">\n<div class=\"wp-block-column is-layout-flow wp-block-column-is-layout-flow\" style=\"flex-basis:50%\">\n<h5 class=\"wp-block-heading\">EINZIGARTIGE<br \/>PERSPEKTIVE<\/h5>\n\n\n\n<p class=\"has-small-font-size\">Tauchen Sie ein in die Welt von Zeppe und entdecken Sie seine einzigartige Perspektive auf Problemdarstellungen aus Krieg und Konflikt.<\/p>\n<\/div>\n\n\n\n<div class=\"wp-block-column is-layout-flow wp-block-column-is-layout-flow\" style=\"flex-basis:50%\">\n<h5 class=\"wp-block-heading\">K\u00dcNSTLERISCHE<br>MAGIE<\/h5>\n\n\n\n<p class=\"has-small-font-size\">Erleben Sie die k\u00fcnstlerische Magie von Zeppe und lassen Sie sich von seinen Werken verzaubern und inspirieren.<\/p>\n<\/div>\n<\/div>\n\n\n\n<div class=\"wp-block-columns is-layout-flex wp-container-core-columns-is-layout-28f84493 wp-block-columns-is-layout-flex\">\n<div class=\"wp-block-column is-layout-flow wp-block-column-is-layout-flow\">\n<hr class=\"wp-block-separator has-text-color has-background-color has-alpha-channel-opacity has-background-background-color has-background\" style=\"margin-top:var(--wp--preset--spacing--40);margin-bottom:var(--wp--preset--spacing--40)\"\/>\n\n\n\n<figure class=\"wp-block-image size-large\"><img loading=\"lazy\" decoding=\"async\" width=\"1024\" height=\"457\" src=\"https:\/\/www.zeppe-arts.com\/word\/wp-content\/uploads\/2024\/11\/clock_1-e1731060957761-1024x457.jpg\" alt=\"\" class=\"wp-image-10\" srcset=\"https:\/\/www.zeppe-arts.com\/wp-content\/uploads\/2024\/11\/clock_1-e1731060957761-1024x457.jpg 1024w, https:\/\/www.zeppe-arts.com\/wp-content\/uploads\/2024\/11\/clock_1-e1731060957761-300x134.jpg 300w, https:\/\/www.zeppe-arts.com\/wp-content\/uploads\/2024\/11\/clock_1-e1731060957761-768x343.jpg 768w, https:\/\/www.zeppe-arts.com\/wp-content\/uploads\/2024\/11\/clock_1-e1731060957761.jpg 1080w\" sizes=\"auto, (max-width: 1024px) 100vw, 1024px\" \/><\/figure>\n<\/div>\n<\/div>\n\n\n\n<hr class=\"wp-block-separator has-text-color has-background-color has-alpha-channel-opacity has-background-background-color has-background is-style-wide\" style=\"margin-top:var(--wp--preset--spacing--50);margin-bottom:48px\"\/>\n\n\n\n<h2 class=\"wp-block-heading\">Zeppe \u2013 Kunst und Design Portfolio<\/h2>\n\n\n\n<p>Entdecken Sie die beeindruckenden Werke und Projekte des rum\u00e4nischen K\u00fcnstlers Zeppe. Erfahren Sie mehr \u00fcber seine inspirierenden und oft provokanten Themen, die sich mit Umweltproblemen und Krieg auseinandersetzen.<\/p>\n\n\n\n<hr class=\"wp-block-separator has-text-color has-background-color has-alpha-channel-opacity has-background-background-color has-background\" style=\"margin-top:var(--wp--preset--spacing--70);margin-bottom:var(--wp--preset--spacing--70)\"\/>\n\n\n\n<div class=\"wp-block-columns is-layout-flex wp-container-core-columns-is-layout-28f84493 wp-block-columns-is-layout-flex\">\n<div class=\"wp-block-column is-layout-flow wp-block-column-is-layout-flow\">\n<h5 class=\"wp-block-heading\">Fotorealistische Gem\u00e4lde und Skulpturen aus ungew\u00f6hnlichen Materialien<\/h5>\n\n\n\n<p>Einzigartige und vielseitige Kunstwerke<\/p>\n\n\n\n<hr class=\"wp-block-separator has-text-color has-background-color has-alpha-channel-opacity has-background-background-color has-background\" style=\"margin-top:var(--wp--preset--spacing--50);margin-bottom:var(--wp--preset--spacing--50)\"\/>\n\n\n\n<h5 class=\"wp-block-heading\">Kritische Auseinandersetzung mit aktuellen Themen<\/h5>\n\n\n\n<p>Zeppe\u2019s Kunst ist mehr als nur \u00c4sthetik.<\/p>\n\n\n\n<hr class=\"wp-block-separator has-text-color has-background-color has-alpha-channel-opacity has-background-background-color has-background\" style=\"margin-top:var(--wp--preset--spacing--30);margin-bottom:var(--wp--preset--spacing--30)\"\/>\n\n\n\n<hr class=\"wp-block-separator has-text-color has-background-color has-alpha-channel-opacity has-background-background-color has-background\" style=\"margin-top:var(--wp--preset--spacing--50);margin-bottom:var(--wp--preset--spacing--50)\"\/>\n\n\n\n<h5 class=\"wp-block-heading\">Eine besondere Pers\u00f6nlichkeit hinter der Kunst<\/h5>\n\n\n\n<p>Hinter den faszinierenden Werken von Zeppe steht ein au\u00dfergew\u00f6hnlicher K\u00fcnstler mit einer ungew\u00f6hnlichen Lebensgeschichte.<\/p>\n\n\n\n<hr class=\"wp-block-separator has-text-color has-background-color has-alpha-channel-opacity has-background-background-color has-background\" style=\"margin-top:var(--wp--preset--spacing--50);margin-bottom:var(--wp--preset--spacing--50)\"\/>\n\n\n\n<h5 class=\"wp-block-heading\">Inspirierende und einzigartige Kunstwerke entdecken<\/h5>\n\n\n\n<p>Lassen Sie sich von Zeppe\u2019s Kunst verzaubern und tauchen Sie in seine Welt ein, die sich abseits von Mainstream und Konventionen bewegt.<\/p>\n<\/div>\n\n\n\n<div class=\"wp-block-column is-layout-flow wp-block-column-is-layout-flow\">\n<figure class=\"wp-block-image size-large\"><img loading=\"lazy\" decoding=\"async\" width=\"805\" height=\"1024\" src=\"https:\/\/www.zeppe-arts.com\/word\/wp-content\/uploads\/2024\/11\/horse_1-2-805x1024.jpg\" alt=\"\" class=\"wp-image-16\" srcset=\"https:\/\/www.zeppe-arts.com\/wp-content\/uploads\/2024\/11\/horse_1-2-805x1024.jpg 805w, https:\/\/www.zeppe-arts.com\/wp-content\/uploads\/2024\/11\/horse_1-2-236x300.jpg 236w, https:\/\/www.zeppe-arts.com\/wp-content\/uploads\/2024\/11\/horse_1-2-768x977.jpg 768w, https:\/\/www.zeppe-arts.com\/wp-content\/uploads\/2024\/11\/horse_1-2.jpg 892w\" sizes=\"auto, (max-width: 805px) 100vw, 805px\" \/><\/figure>\n<\/div>\n<\/div>\n\n\n\n<hr class=\"wp-block-separator has-text-color has-background-color has-alpha-channel-opacity has-background-background-color has-background\" style=\"margin-top:var(--wp--preset--spacing--60);margin-bottom:var(--wp--preset--spacing--60)\"\/>\n\n\n\n<div class=\"wp-block-columns is-layout-flex wp-container-core-columns-is-layout-28f84493 wp-block-columns-is-layout-flex\">\n<div class=\"wp-block-column is-layout-flow wp-block-column-is-layout-flow\" style=\"flex-basis:66.66%\">\n<p style=\"margin-top:0;margin-bottom:0\">Entdecken Sie jetzt die Kunstwerke von Zeppe<\/p>\n<\/div>\n\n\n\n<div class=\"wp-block-column is-layout-flow wp-block-column-is-layout-flow\" style=\"flex-basis:33.33%\">\n<div class=\"wp-block-buttons is-content-justification-right is-layout-flex wp-container-core-buttons-is-layout-d445cf74 wp-block-buttons-is-layout-flex\">\n<div class=\"wp-block-button\"><a class=\"wp-block-button__link wp-element-button\" href=\"https:\/\/www.zeppe-arts.com\/index.php\/my-arts\/\" rel=\"https:\/\/www.zeppe-arts.com\/word\/index.php\/my-arts\/\">my arts<\/a><\/div>\n<\/div>\n<\/div>\n<\/div>\n","protected":false},"excerpt":{"rendered":"<p>Welcome HOCHWERTIGE KUNSTWERKE Lassen Sie sich von der einzigartigen Kunst von Zeppe verzaubern und entdecken Sie hochwertige Gem\u00e4lde mit realistischen Motiven aus den Themenbereichen Umwelt und Krieg. UMWELTBEWUSSTE MATERIALIEN Zeppe verwandelt weggeworfene Materialien in beeindruckende Skulpturen, die seine Botschaft von Nachhaltigkeit und Umweltschutz vermitteln. EINZIGARTIGEPERSPEKTIVE Tauchen Sie ein in die Welt von Zeppe und entdecken [&hellip;]<\/p>\n","protected":false},"author":1,"featured_media":0,"parent":0,"menu_order":0,"comment_status":"closed","ping_status":"closed","template":"","meta":{"pgc_sgb_lightbox_settings":"","footnotes":""},"class_list":["post-2","page","type-page","status-publish","hentry"],"_links":{"self":[{"href":"https:\/\/www.zeppe-arts.com\/index.php\/wp-json\/wp\/v2\/pages\/2","targetHints":{"allow":["GET"]}}],"collection":[{"href":"https:\/\/www.zeppe-arts.com\/index.php\/wp-json\/wp\/v2\/pages"}],"about":[{"href":"https:\/\/www.zeppe-arts.com\/index.php\/wp-json\/wp\/v2\/types\/page"}],"author":[{"embeddable":true,"href":"https:\/\/www.zeppe-arts.com\/index.php\/wp-json\/wp\/v2\/users\/1"}],"replies":[{"embeddable":true,"href":"https:\/\/www.zeppe-arts.com\/index.php\/wp-json\/wp\/v2\/comments?post=2"}],"version-history":[{"count":34,"href":"https:\/\/www.zeppe-arts.com\/index.php\/wp-json\/wp\/v2\/pages\/2\/revisions"}],"predecessor-version":[{"id":119,"href":"https:\/\/www.zeppe-arts.com\/index.php\/wp-json\/wp\/v2\/pages\/2\/revisions\/119"}],"wp:attachment":[{"href":"https:\/\/www.zeppe-arts.com\/index.php\/wp-json\/wp\/v2\/media?parent=2"}],"curies":[{"name":"wp","href":"https:\/\/api.w.org\/{rel}","templated":true}]}}